{"id":17978,"date":"2021-10-06T08:11:29","date_gmt":"2021-10-06T08:11:29","guid":{"rendered":"https:\/\/sibex.rs\/misliozdravlju\/?page_id=17978"},"modified":"2021-10-06T08:15:26","modified_gmt":"2021-10-06T08:15:26","slug":"informacije-o-transportu","status":"publish","type":"page","link":"https:\/\/sibex.rs\/misliozdravlju\/informacije-o-transportu\/","title":{"rendered":"Informacije o transportu"},"content":{"rendered":"\t\t<div data-elementor-type=\"wp-page\" data-elementor-id=\"17978\" class=\"elementor elementor-17978\">\n\t\t\t\t\t\t\t\t\t<section class=\"elementor-section elementor-top-section elementor-element elementor-element-cdb91f1 elementor-section-boxed elementor-section-height-default elementor-section-height-default qodef-elementor-content-no\" data-id=\"cdb91f1\" data-element_type=\"section\">\n\t\t\t\t\t\t<div class=\"elementor-container elementor-column-gap-default\">\n\t\t\t\t\t<div class=\"elementor-column elementor-col-100 elementor-top-column elementor-element elementor-element-b7b4149\" data-id=\"b7b4149\" data-element_type=\"column\">\n\t\t\t<div class=\"elementor-widget-wrap elementor-element-populated\">\n\t\t\t\t\t\t\t\t<div class=\"elementor-element elementor-element-d4e2c35 elementor-widget elementor-widget-text-editor\" data-id=\"d4e2c35\" data-element_type=\"widget\" data-widget_type=\"text-editor.default\">\n\t\t\t\t<div class=\"elementor-widget-container\">\n\t\t\t<style>\/*! elementor - v3.11.2 - 22-02-2023 *\/\n.elementor-widget-text-editor.elementor-drop-cap-view-stacked .elementor-drop-cap{background-color:#818a91;color:#fff}.elementor-widget-text-editor.elementor-drop-cap-view-framed .elementor-drop-cap{color:#818a91;border:3px solid;background-color:transparent}.elementor-widget-text-editor:not(.elementor-drop-cap-view-default) .elementor-drop-cap{margin-top:8px}.elementor-widget-text-editor:not(.elementor-drop-cap-view-default) .elementor-drop-cap-letter{width:1em;height:1em}.elementor-widget-text-editor .elementor-drop-cap{float:left;text-align:center;line-height:1;font-size:50px}.elementor-widget-text-editor .elementor-drop-cap-letter{display:inline-block}<\/style>\t\t\t\t<p>Isporuka se vr\u0161i posredstvom kurirske slu\u017ebe PostExpress i to samo na teritoriji Republike Srbije.<\/p><p>Sibex inicira usluge kurirske slu\u017ebe za poru\u017ebine primljene do 12h, istog dana sa opcijom isporuke \u201eDanas za sutra do 19h\u201c. Porud\u017ebine primljene posle 12h, bi\u0107e obra\u0111ene narednog radnog dana i predate kurirskoj slu\u017ebi sa opcijom isporuke \u201eDanas za sutra do 19h\u201c. Porud\u017ebine primljene tokom vikenda (od petka posle 12h, subotom i nedeljom), \u0161alju se ponedeljkom.<\/p><p>Dostave se ne vr\u0161e nedeljom i praznicima.<\/p><p>Svaka porud\u017ebina prilikom predaje kurirskoj slu\u017ebi, dobija svoj identifikacioni broj koji omogu\u0107ava pra\u0107enje njenog statusa dok se nalazi u posedu kurira, sve do trenutka isporuke. Nakon predaje po\u0161iljke PostExpress-u, Sibex \u0107e Korisniku poslati obave\u0161tenje sa podacima o broju po\u0161iljke, na e-mail adresu koju je Korisnik ostavio prilikom kreiranja porud\u017ebine.<\/p><p>Ukoliko nismo u mogu\u0107nosti da vam isporu\u010dimo naru\u010deni proizvod u navedenom roku, ili uop\u0161te, o tome \u0107emo vas obavestiti e-mailom. U tom slu\u010daju mo\u017eete odlu\u010diti da li \u017eelite da obustavite porud\u017ebinu ili sa\u010dekati da naru\u010deni proizvod postane dostupan.<\/p>\t\t\t\t\t\t<\/div>\n\t\t\t\t<\/div>\n\t\t\t\t\t<\/div>\n\t\t<\/div>\n\t\t\t\t\t\t\t<\/div>\n\t\t<\/section>\n\t\t\t\t<section class=\"elementor-section elementor-top-section elementor-element elementor-element-151c7ee elementor-section-boxed elementor-section-height-default elementor-section-height-default qodef-elementor-content-no\" data-id=\"151c7ee\" data-element_type=\"section\">\n\t\t\t\t\t\t<div class=\"elementor-container elementor-column-gap-default\">\n\t\t\t\t\t<div class=\"elementor-column elementor-col-100 elementor-top-column elementor-element elementor-element-44e3ed0\" data-id=\"44e3ed0\" data-element_type=\"column\">\n\t\t\t<div class=\"elementor-widget-wrap elementor-element-populated\">\n\t\t\t\t\t\t\t\t<div class=\"elementor-element elementor-element-10e2f64 elementor-widget elementor-widget-heading\" data-id=\"10e2f64\" data-element_type=\"widget\" data-widget_type=\"heading.default\">\n\t\t\t\t<div class=\"elementor-widget-container\">\n\t\t\t<style>\/*! elementor - v3.11.2 - 22-02-2023 *\/\n.elementor-heading-title{padding:0;margin:0;line-height:1}.elementor-widget-heading .elementor-heading-title[class*=elementor-size-]>a{color:inherit;font-size:inherit;line-height:inherit}.elementor-widget-heading .elementor-heading-title.elementor-size-small{font-size:15px}.elementor-widget-heading .elementor-heading-title.elementor-size-medium{font-size:19px}.elementor-widget-heading .elementor-heading-title.elementor-size-large{font-size:29px}.elementor-widget-heading .elementor-heading-title.elementor-size-xl{font-size:39px}.elementor-widget-heading .elementor-heading-title.elementor-size-xxl{font-size:59px}<\/style><h6 class=\"elementor-heading-title elementor-size-default\">TRO\u0160KOVI DOSTAVE<\/h6>\t\t<\/div>\n\t\t\t\t<\/div>\n\t\t\t\t<div class=\"elementor-element elementor-element-71f7ec4 elementor-widget elementor-widget-text-editor\" data-id=\"71f7ec4\" data-element_type=\"widget\" data-widget_type=\"text-editor.default\">\n\t\t\t\t<div class=\"elementor-widget-container\">\n\t\t\t\t\t\t\t<p>Tro\u0161kovi dostave koje snosi Korisnik, a koji su uklju\u010deni u ukupnu vrednost paketa koji pla\u0107a Korisnik prilikom preuzimanja paketa, preuzeti su iz va\u017ee\u0107eg cenovnika kurirskog servisa PostExpress i zavise od mase paketa, vrednosti otkupnine paketa koji se isporu\u010duje (u slu\u010daju pla\u0107anja pouze\u0107em &#8211; 1% od vrednosti paketa ili minimalno 20,00 din.) i usluge PostExpress slu\u017ebe (1% od vrednosti paketa ili minimalno 50,00 din.) i Sibex nema uticaja na njih. Va\u017ee\u0107i cenovnik PostExpress-a prilo\u017een je u nastavku, a dostupan je i na zvani\u010dnom sajtu PostExpress-a.<\/p><p>Va\u017ee\u0107i cenovnik PostEspress-a mo\u017eete pogledati <a href=\"http:\/\/www.postexpress.rs\/struktura\/lat\/cenovnik\/cenovnik-unutrasnji-saobracaj.asp\">OVDE<\/a>.<\/p>\t\t\t\t\t\t<\/div>\n\t\t\t\t<\/div>\n\t\t\t\t\t<\/div>\n\t\t<\/div>\n\t\t\t\t\t\t\t<\/div>\n\t\t<\/section>\n\t\t\t\t<section class=\"elementor-section elementor-top-section elementor-element elementor-element-acd4967 elementor-section-boxed elementor-section-height-default elementor-section-height-default qodef-elementor-content-no\" data-id=\"acd4967\" data-element_type=\"section\">\n\t\t\t\t\t\t<div class=\"elementor-container elementor-column-gap-default\">\n\t\t\t\t\t<div class=\"elementor-column elementor-col-100 elementor-top-column elementor-element elementor-element-e1801d9\" data-id=\"e1801d9\" data-element_type=\"column\">\n\t\t\t<div class=\"elementor-widget-wrap elementor-element-populated\">\n\t\t\t\t\t\t\t\t<div class=\"elementor-element elementor-element-d0ae073 elementor-widget elementor-widget-heading\" data-id=\"d0ae073\" data-element_type=\"widget\" data-widget_type=\"heading.default\">\n\t\t\t\t<div class=\"elementor-widget-container\">\n\t\t\t<h6 class=\"elementor-heading-title elementor-size-default\">PREUZIMANJE I PLA\u0106ANJE PO\u0160ILJKE<\/h6>\t\t<\/div>\n\t\t\t\t<\/div>\n\t\t\t\t<div class=\"elementor-element elementor-element-1839da5 elementor-widget elementor-widget-text-editor\" data-id=\"1839da5\" data-element_type=\"widget\" data-widget_type=\"text-editor.default\">\n\t\t\t\t<div class=\"elementor-widget-container\">\n\t\t\t\t\t\t\t<p>Proizvod \u0107e biti zapakovan tako da ne mo\u017ee biti o\u0161te\u0107en uobi\u010dajenim rukovanjem robom u transportu. Prilikom preuzimanja proizvoda Korisnik je du\u017ean proveriti eventualna o\u0161te\u0107enja i odmah ih reklamirati kuriru koji je robu dostavio, odnosno odbiti preuzimanje po\u0161iljke na kojoj su vidljiva spolja\u0161nja o\u0161te\u0107enja. Sve naknadne reklamacije proizvoda zbog o\u0161te\u0107enja nastalih prilikom dostave ne\u0107e biti uva\u017eena.<\/p><p>Pla\u0107anje se vr\u0161i pouze\u0107em, odnosno gotovinom kuriru prilikom preuzimanja proizvoda. Korisnik je obavezan da plati vrednost po\u0161iljke. Pla\u0107anjem po\u0161iljke, smatra se da je isporuka iste izvr\u0161ena.<\/p><p>Za sva dodatna pitanja u vezi transporta i dostave, mo\u017eete nam pisati na e-mail adresu <a href=\"mailto:prodavnica@sibexline.rs\">prodavnica@sibexline.rs<\/a>.<\/p>\t\t\t\t\t\t<\/div>\n\t\t\t\t<\/div>\n\t\t\t\t\t<\/div>\n\t\t<\/div>\n\t\t\t\t\t\t\t<\/div>\n\t\t<\/section>\n\t\t\t\t\t\t\t<\/div>\n\t\t","protected":false},"excerpt":{"rendered":"<p>Isporuka se vr\u0161i posredstvom kurirske slu\u017ebe PostExpress i to samo na teritoriji Republike Srbije. Sibex inicira usluge kurirske slu\u017ebe za poru\u017ebine primljene do 12h, istog dana sa opcijom isporuke \u201eDanas za sutra do 19h\u201c. Porud\u017ebine primljene posle 12h, bi\u0107e obra\u0111ene narednog radnog dana i predate kurirskoj slu\u017ebi sa opcijom isporuke \u201eDanas za sutra do 19h\u201c. [&hellip;]<\/p>\n","protected":false},"author":1,"featured_media":0,"parent":0,"menu_order":0,"comment_status":"closed","ping_status":"closed","template":"","meta":{"footnotes":""},"class_list":["post-17978","page","type-page","status-publish","hentry"],"_links":{"self":[{"href":"https:\/\/sibex.rs\/misliozdravlju\/wp-json\/wp\/v2\/pages\/17978","targetHints":{"allow":["GET"]}}],"collection":[{"href":"https:\/\/sibex.rs\/misliozdravlju\/wp-json\/wp\/v2\/pages"}],"about":[{"href":"https:\/\/sibex.rs\/misliozdravlju\/wp-json\/wp\/v2\/types\/page"}],"author":[{"embeddable":true,"href":"https:\/\/sibex.rs\/misliozdravlju\/wp-json\/wp\/v2\/users\/1"}],"replies":[{"embeddable":true,"href":"https:\/\/sibex.rs\/misliozdravlju\/wp-json\/wp\/v2\/comments?post=17978"}],"version-history":[{"count":4,"href":"https:\/\/sibex.rs\/misliozdravlju\/wp-json\/wp\/v2\/pages\/17978\/revisions"}],"predecessor-version":[{"id":17982,"href":"https:\/\/sibex.rs\/misliozdravlju\/wp-json\/wp\/v2\/pages\/17978\/revisions\/17982"}],"wp:attachment":[{"href":"https:\/\/sibex.rs\/misliozdravlju\/wp-json\/wp\/v2\/media?parent=17978"}],"curies":[{"name":"wp","href":"https:\/\/api.w.org\/{rel}","templated":true}]}}