{"id":18003,"date":"2021-10-06T08:48:49","date_gmt":"2021-10-06T08:48:49","guid":{"rendered":"https:\/\/sibex.rs\/misliozdravlju\/?page_id=18003"},"modified":"2022-05-31T09:53:17","modified_gmt":"2022-05-31T09:53:17","slug":"politika-privatnosti","status":"publish","type":"page","link":"https:\/\/sibex.rs\/misliozdravlju\/politika-privatnosti\/","title":{"rendered":"Politika privatnosti"},"content":{"rendered":"\t\t<div data-elementor-type=\"wp-page\" data-elementor-id=\"18003\" class=\"elementor elementor-18003\">\n\t\t\t\t\t\t\t\t\t<section class=\"elementor-section elementor-top-section elementor-element elementor-element-e7c5078 elementor-section-boxed elementor-section-height-default elementor-section-height-default qodef-elementor-content-no\" data-id=\"e7c5078\" data-element_type=\"section\">\n\t\t\t\t\t\t<div class=\"elementor-container elementor-column-gap-default\">\n\t\t\t\t\t<div class=\"elementor-column elementor-col-100 elementor-top-column elementor-element elementor-element-006d31a\" data-id=\"006d31a\" data-element_type=\"column\">\n\t\t\t<div class=\"elementor-widget-wrap elementor-element-populated\">\n\t\t\t\t\t\t\t\t<div class=\"elementor-element elementor-element-e137512 elementor-widget elementor-widget-heading\" data-id=\"e137512\" data-element_type=\"widget\" data-widget_type=\"heading.default\">\n\t\t\t\t<div class=\"elementor-widget-container\">\n\t\t\t<style>\/*! elementor - v3.11.2 - 22-02-2023 *\/\n.elementor-heading-title{padding:0;margin:0;line-height:1}.elementor-widget-heading .elementor-heading-title[class*=elementor-size-]>a{color:inherit;font-size:inherit;line-height:inherit}.elementor-widget-heading .elementor-heading-title.elementor-size-small{font-size:15px}.elementor-widget-heading .elementor-heading-title.elementor-size-medium{font-size:19px}.elementor-widget-heading .elementor-heading-title.elementor-size-large{font-size:29px}.elementor-widget-heading .elementor-heading-title.elementor-size-xl{font-size:39px}.elementor-widget-heading .elementor-heading-title.elementor-size-xxl{font-size:59px}<\/style><h6 class=\"elementor-heading-title elementor-size-default\">NA\u010cIN KORI\u0160\u0106ENJA INFORMACIJA<\/h6>\t\t<\/div>\n\t\t\t\t<\/div>\n\t\t\t\t<div class=\"elementor-element elementor-element-7681cd2 elementor-widget elementor-widget-text-editor\" data-id=\"7681cd2\" data-element_type=\"widget\" data-widget_type=\"text-editor.default\">\n\t\t\t\t<div class=\"elementor-widget-container\">\n\t\t\t<style>\/*! elementor - v3.11.2 - 22-02-2023 *\/\n.elementor-widget-text-editor.elementor-drop-cap-view-stacked .elementor-drop-cap{background-color:#818a91;color:#fff}.elementor-widget-text-editor.elementor-drop-cap-view-framed .elementor-drop-cap{color:#818a91;border:3px solid;background-color:transparent}.elementor-widget-text-editor:not(.elementor-drop-cap-view-default) .elementor-drop-cap{margin-top:8px}.elementor-widget-text-editor:not(.elementor-drop-cap-view-default) .elementor-drop-cap-letter{width:1em;height:1em}.elementor-widget-text-editor .elementor-drop-cap{float:left;text-align:center;line-height:1;font-size:50px}.elementor-widget-text-editor .elementor-drop-cap-letter{display:inline-block}<\/style>\t\t\t\t<p>U ime kompanije Sibex Line doo Beograd obavezujemo se da \u0107emo \u010duvati privatnost svih na\u0161ih kupaca. Prikupljamo samo neophodne, osnovne podatke o Korisnicima i podatke neophodne za poslovanje i informisanje Korisnika u skladu sa dobrim poslovnim obi\u010dajima i u cilju pru\u017eanja kvalitetne usluge. Svi podaci o Korisnicima se strogo \u010duvaju i dostupni su samo zaposlenima kojima su podaci nu\u017eni za obavljanje posla. Svi zaposleni u Sibex-u odgovorni su za po\u0161tovanje na\u010dela za\u0161tite privatnosti i u obavezi su da istima upravljaju u svemu saglasno odredbama Zakona o za\u0161titi podataka o li\u010dnosti (&#8220;Sl. glasnik RS&#8221;, br. 87\/2018 od 13.11.2018. godine).<\/p><p><span style=\"color: var( --e-global-color-text ); font-family: var( --e-global-typography-text-font-family ), Sans-serif; font-weight: var( --e-global-typography-text-font-weight );\">Sibex ne\u0107e svesno sakupljati internet kontakt podatke od dece i maloletnih lica (u skladu sa zakonskim zahtevima), te ukoliko saznamo da raspola\u017eemo li\u010dnim podacima o nekom detetu ili maloletnom licu, takve podatke \u0107emo obrisati iz na\u0161ih sistema. Izuzima se bilo kakva odgovornost za porud\u017ebine primljene od, ili isporu\u010dene osobama starosti do 18 godina.<\/span><\/p>\t\t\t\t\t\t<\/div>\n\t\t\t\t<\/div>\n\t\t\t\t\t<\/div>\n\t\t<\/div>\n\t\t\t\t\t\t\t<\/div>\n\t\t<\/section>\n\t\t\t\t<section class=\"elementor-section elementor-top-section elementor-element elementor-element-4816161 elementor-section-boxed elementor-section-height-default elementor-section-height-default qodef-elementor-content-no\" data-id=\"4816161\" data-element_type=\"section\">\n\t\t\t\t\t\t<div class=\"elementor-container elementor-column-gap-default\">\n\t\t\t\t\t<div class=\"elementor-column elementor-col-100 elementor-top-column elementor-element elementor-element-a190d89\" data-id=\"a190d89\" data-element_type=\"column\">\n\t\t\t<div class=\"elementor-widget-wrap elementor-element-populated\">\n\t\t\t\t\t\t\t\t<div class=\"elementor-element elementor-element-920ba6f elementor-widget elementor-widget-heading\" data-id=\"920ba6f\" data-element_type=\"widget\" data-widget_type=\"heading.default\">\n\t\t\t\t<div class=\"elementor-widget-container\">\n\t\t\t<h6 class=\"elementor-heading-title elementor-size-default\">MINIMALNI OBIM PODATAKA<\/h6>\t\t<\/div>\n\t\t\t\t<\/div>\n\t\t\t\t<div class=\"elementor-element elementor-element-0b88ce7 elementor-widget elementor-widget-text-editor\" data-id=\"0b88ce7\" data-element_type=\"widget\" data-widget_type=\"text-editor.default\">\n\t\t\t\t<div class=\"elementor-widget-container\">\n\t\t\t\t\t\t\t<p>Pribavljanje podataka o li\u010dnosti obezbe\u0111uju se samo u meri i obimu koji je potreban za ispunjenje svrhe za koju se podaci obra\u0111uju. Da bismo uspe\u0161no obradili Va\u0161u narud\u017ebinu potrebni su nam:<\/p><ul><li>podaci o identitetu korisnika: ime i prezime<\/li><li>adresa: adresa stanovanja, adresa dostave paketa, kao i IP adresa svakog pojedina\u010dnog pristupa servisu<\/li><li>e-mail adresa i kontakt telefon<\/li><li>finansijski podaci: broj teku\u0107eg ra\u010duna<\/li><li>saglasnost da ste stariji od 18 godina<\/li><\/ul><p>Uz pomo\u0107 tih podataka bi\u0107emo u mogu\u0107nosti da Vam isporu\u010dimo \u017eeljenu robu, kao i da Vas obavestimo o trenutnom statusu narud\u017ebine, ili izvr\u0161imo povrat novca u slu\u010daju povrata odnosno prihvatanje reklamacije proizvoda.<\/p><p>Pored navedenih prikupljamo, analiziramo i obra\u0111ujemo podatke o proizvodima koje na\u0161i posetioci tra\u017ee i kupuju, kao i o stranicama koje pose\u0107uju. Te podatke koristimo da bismo pobolj\u0161ali ponudu i izgled na\u0161ih stranica i omogu\u0107ili Vam jednostavnije kori\u0161\u0107enje, sigurniju i udobniju kupovinu.<\/p>\t\t\t\t\t\t<\/div>\n\t\t\t\t<\/div>\n\t\t\t\t\t<\/div>\n\t\t<\/div>\n\t\t\t\t\t\t\t<\/div>\n\t\t<\/section>\n\t\t\t\t<section class=\"elementor-section elementor-top-section elementor-element elementor-element-7b9aae1 elementor-section-boxed elementor-section-height-default elementor-section-height-default qodef-elementor-content-no\" data-id=\"7b9aae1\" data-element_type=\"section\">\n\t\t\t\t\t\t<div class=\"elementor-container elementor-column-gap-default\">\n\t\t\t\t\t<div class=\"elementor-column elementor-col-100 elementor-top-column elementor-element elementor-element-7dc46f9\" data-id=\"7dc46f9\" data-element_type=\"column\">\n\t\t\t<div class=\"elementor-widget-wrap elementor-element-populated\">\n\t\t\t\t\t\t\t\t<div class=\"elementor-element elementor-element-3afa807 elementor-widget elementor-widget-heading\" data-id=\"3afa807\" data-element_type=\"widget\" data-widget_type=\"heading.default\">\n\t\t\t\t<div class=\"elementor-widget-container\">\n\t\t\t<h6 class=\"elementor-heading-title elementor-size-default\">TA\u010cNOST PODATAKA<\/h6>\t\t<\/div>\n\t\t\t\t<\/div>\n\t\t\t\t<div class=\"elementor-element elementor-element-007c3e8 elementor-widget elementor-widget-text-editor\" data-id=\"007c3e8\" data-element_type=\"widget\" data-widget_type=\"text-editor.default\">\n\t\t\t\t<div class=\"elementor-widget-container\">\n\t\t\t\t\t\t\t<p>Korisnik internet prodavnice www.sibexline.rs, odgovoran je za ta\u010dnost i istinitost podataka koje daje prilikom kupovine.<\/p><p>Navedene podatke ne\u0107emo koristiti u bilo koje druge svrhe niti \u0107emo iste \u010diniti dostupnim tre\u0107im licima.<\/p>\t\t\t\t\t\t<\/div>\n\t\t\t\t<\/div>\n\t\t\t\t\t<\/div>\n\t\t<\/div>\n\t\t\t\t\t\t\t<\/div>\n\t\t<\/section>\n\t\t\t\t<section class=\"elementor-section elementor-top-section elementor-element elementor-element-6e28ddd elementor-section-boxed elementor-section-height-default elementor-section-height-default qodef-elementor-content-no\" data-id=\"6e28ddd\" data-element_type=\"section\">\n\t\t\t\t\t\t<div class=\"elementor-container elementor-column-gap-default\">\n\t\t\t\t\t<div class=\"elementor-column elementor-col-100 elementor-top-column elementor-element elementor-element-746a253\" data-id=\"746a253\" data-element_type=\"column\">\n\t\t\t<div class=\"elementor-widget-wrap elementor-element-populated\">\n\t\t\t\t\t\t\t\t<div class=\"elementor-element elementor-element-7f79e8c elementor-widget elementor-widget-heading\" data-id=\"7f79e8c\" data-element_type=\"widget\" data-widget_type=\"heading.default\">\n\t\t\t\t<div class=\"elementor-widget-container\">\n\t\t\t<h6 class=\"elementor-heading-title elementor-size-default\">SAGLASNOST I PROMENA USLOVA<\/h6>\t\t<\/div>\n\t\t\t\t<\/div>\n\t\t\t\t<div class=\"elementor-element elementor-element-6c9f44c elementor-widget elementor-widget-text-editor\" data-id=\"6c9f44c\" data-element_type=\"widget\" data-widget_type=\"text-editor.default\">\n\t\t\t\t<div class=\"elementor-widget-container\">\n\t\t\t\t\t\t\t<p>Kori\u0161\u0107enje na\u0161ih servisa podrazumeva saglasnost Korisnika sa svim navedenim na ovoj i stranici <a href=\"https:\/\/sibex.rs\/misliozdravlju\/uslovi-koriscenja\/\">Uslovi kori\u0161\u0107enja.<\/a><\/p><p>Vi se obavezujete da \u0107ete se pridr\u017eavati svega navedenog, a sve promene uslova postaju va\u017ee\u0107e tek nakon objavljivanja na ovoj strani.<\/p>\t\t\t\t\t\t<\/div>\n\t\t\t\t<\/div>\n\t\t\t\t\t<\/div>\n\t\t<\/div>\n\t\t\t\t\t\t\t<\/div>\n\t\t<\/section>\n\t\t\t\t<section class=\"elementor-section elementor-top-section elementor-element elementor-element-5ae7632 elementor-section-boxed elementor-section-height-default elementor-section-height-default qodef-elementor-content-no\" data-id=\"5ae7632\" data-element_type=\"section\">\n\t\t\t\t\t\t<div class=\"elementor-container elementor-column-gap-default\">\n\t\t\t\t\t<div class=\"elementor-column elementor-col-100 elementor-top-column elementor-element elementor-element-7817267\" data-id=\"7817267\" data-element_type=\"column\">\n\t\t\t<div class=\"elementor-widget-wrap elementor-element-populated\">\n\t\t\t\t\t\t\t\t<div class=\"elementor-element elementor-element-e76841c elementor-widget elementor-widget-text-editor\" data-id=\"e76841c\" data-element_type=\"widget\" data-widget_type=\"text-editor.default\">\n\t\t\t\t<div class=\"elementor-widget-container\">\n\t\t\t\t\t\t\t<p><strong>Kontaktirajte nas<\/strong><\/p><p>Za sva pitanja u vezi sa za\u0161titom Va\u0161ih li\u010dnih podataka i na\u010dinu postupanja sa njima mo\u017eete nas kontaktirati putem email-a prodavnica@sibexline.rs.<\/p>\t\t\t\t\t\t<\/div>\n\t\t\t\t<\/div>\n\t\t\t\t\t<\/div>\n\t\t<\/div>\n\t\t\t\t\t\t\t<\/div>\n\t\t<\/section>\n\t\t\t\t<section class=\"elementor-section elementor-top-section elementor-element elementor-element-ab76412 elementor-section-boxed elementor-section-height-default elementor-section-height-default qodef-elementor-content-no\" data-id=\"ab76412\" data-element_type=\"section\">\n\t\t\t\t\t\t<div class=\"elementor-container elementor-column-gap-default\">\n\t\t\t\t\t<div class=\"elementor-column elementor-col-100 elementor-top-column elementor-element elementor-element-c056e91\" data-id=\"c056e91\" data-element_type=\"column\">\n\t\t\t<div class=\"elementor-widget-wrap\">\n\t\t\t\t\t\t\t\t\t<\/div>\n\t\t<\/div>\n\t\t\t\t\t\t\t<\/div>\n\t\t<\/section>\n\t\t\t\t\t\t\t<\/div>\n\t\t","protected":false},"excerpt":{"rendered":"<p>NA\u010cIN KORI\u0160\u0106ENJA INFORMACIJA U ime kompanije Sibex Line doo Beograd obavezujemo se da \u0107emo \u010duvati privatnost svih na\u0161ih kupaca. Prikupljamo samo neophodne, osnovne podatke o Korisnicima i podatke neophodne za poslovanje i informisanje Korisnika u skladu sa dobrim poslovnim obi\u010dajima i u cilju pru\u017eanja kvalitetne usluge. Svi podaci o Korisnicima se strogo \u010duvaju i dostupni [&hellip;]<\/p>\n","protected":false},"author":1,"featured_media":0,"parent":0,"menu_order":0,"comment_status":"closed","ping_status":"closed","template":"","meta":{"footnotes":""},"class_list":["post-18003","page","type-page","status-publish","hentry"],"_links":{"self":[{"href":"https:\/\/sibex.rs\/misliozdravlju\/wp-json\/wp\/v2\/pages\/18003","targetHints":{"allow":["GET"]}}],"collection":[{"href":"https:\/\/sibex.rs\/misliozdravlju\/wp-json\/wp\/v2\/pages"}],"about":[{"href":"https:\/\/sibex.rs\/misliozdravlju\/wp-json\/wp\/v2\/types\/page"}],"author":[{"embeddable":true,"href":"https:\/\/sibex.rs\/misliozdravlju\/wp-json\/wp\/v2\/users\/1"}],"replies":[{"embeddable":true,"href":"https:\/\/sibex.rs\/misliozdravlju\/wp-json\/wp\/v2\/comments?post=18003"}],"version-history":[{"count":7,"href":"https:\/\/sibex.rs\/misliozdravlju\/wp-json\/wp\/v2\/pages\/18003\/revisions"}],"predecessor-version":[{"id":18585,"href":"https:\/\/sibex.rs\/misliozdravlju\/wp-json\/wp\/v2\/pages\/18003\/revisions\/18585"}],"wp:attachment":[{"href":"https:\/\/sibex.rs\/misliozdravlju\/wp-json\/wp\/v2\/media?parent=18003"}],"curies":[{"name":"wp","href":"https:\/\/api.w.org\/{rel}","templated":true}]}}